{"id":11,"date":"2020-09-30T15:51:53","date_gmt":"2020-09-30T13:51:53","guid":{"rendered":"https:\/\/phystev.e-delaunay.fr\/?page_id=11"},"modified":"2020-09-30T15:51:53","modified_gmt":"2020-09-30T13:51:53","slug":"a-propos-de","status":"publish","type":"page","link":"https:\/\/phystev.e-delaunay.fr\/?page_id=11","title":{"rendered":"\u00c0 propos de"},"content":{"rendered":"\n<p>Vous pourriez \u00eatre un artiste et vouloir pr\u00e9senter vos travaux et vous m\u00eame ou encore \u00eatre une entreprise avec une mission \u00e0 promouvoir.<\/p>\n","protected":false},"excerpt":{"rendered":"<p>Vous pourriez \u00eatre un artiste et vouloir pr\u00e9senter vos travaux et vous m\u00eame ou encore \u00eatre une entreprise avec une mission \u00e0 promouvoir.<\/p>\n","protected":false},"author":1,"featured_media":0,"parent":0,"menu_order":0,"comment_status":"closed","ping_status":"closed","template":"","meta":[],"_links":{"self":[{"href":"https:\/\/phystev.e-delaunay.fr\/index.php?rest_route=\/wp\/v2\/pages\/11"}],"collection":[{"href":"https:\/\/phystev.e-delaunay.fr\/index.php?rest_route=\/wp\/v2\/pages"}],"about":[{"href":"https:\/\/phystev.e-delaunay.fr\/index.php?rest_route=\/wp\/v2\/types\/page"}],"author":[{"embeddable":true,"href":"https:\/\/phystev.e-delaunay.fr\/index.php?rest_route=\/wp\/v2\/users\/1"}],"replies":[{"embeddable":true,"href":"https:\/\/phystev.e-delaunay.fr\/index.php?rest_route=%2Fwp%2Fv2%2Fcomments&post=11"}],"version-history":[{"count":1,"href":"https:\/\/phystev.e-delaunay.fr\/index.php?rest_route=\/wp\/v2\/pages\/11\/revisions"}],"predecessor-version":[{"id":16,"href":"https:\/\/phystev.e-delaunay.fr\/index.php?rest_route=\/wp\/v2\/pages\/11\/revisions\/16"}],"wp:attachment":[{"href":"https:\/\/phystev.e-delaunay.fr\/index.php?rest_route=%2Fwp%2Fv2%2Fmedia&parent=11"}],"curies":[{"name":"wp","href":"https:\/\/api.w.org\/{rel}","templated":true}]}}